{"id":33,"date":"2024-08-23T11:06:04","date_gmt":"2024-08-23T14:06:04","guid":{"rendered":"http:\/\/srv112.teste.website\/~phoroncom\/?page_id=33"},"modified":"2025-11-06T10:13:24","modified_gmt":"2025-11-06T13:13:24","slug":"fale-com-vendas","status":"publish","type":"page","link":"https:\/\/phoron.com.br\/en\/fale-com-vendas\/","title":{"rendered":"Fale com vendas"},"content":{"rendered":"<div data-elementor-type=\"wp-page\" data-elementor-id=\"33\" class=\"elementor elementor-33\" data-elementor-post-type=\"page\">\n\t\t\t\t\t\t<section class=\"elementor-section elementor-top-section elementor-element elementor-element-36ad008 elementor-section-full_width elementor-section-height-min-height elementor-section-height-default elementor-section-items-middle\" data-id=\"36ad008\" data-element_type=\"section\" data-e-type=\"section\" data-settings=\"{&quot;background_background&quot;:&quot;classic&quot;}\">\n\t\t\t\t\t\t<div class=\"elementor-container elementor-column-gap-default\">\n\t\t\t\t\t<div class=\"elementor-column elementor-col-50 elementor-top-column elementor-element elementor-element-9940b97\" data-id=\"9940b97\" data-element_type=\"column\" data-e-type=\"column\">\n\t\t\t<div class=\"elementor-widget-wrap elementor-element-populated\">\n\t\t\t\t\t\t<div class=\"elementor-element elementor-element-1f52576 elementor-widget__width-initial elementor-widget elementor-widget-heading\" data-id=\"1f52576\" data-element_type=\"widget\" data-e-type=\"widget\" data-widget_type=\"heading.default\">\n\t\t\t\t<div class=\"elementor-widget-container\">\n\t\t\t\t\t<h1 class=\"elementor-heading-title elementor-size-default\">Se voc\u00ea est\u00e1 buscando otimizar, inovar os processos e aumentar a  produtividade da sua empresa, a Phoron \u00e9 a escolha certa!<\/h1>\t\t\t\t<\/div>\n\t\t\t\t<\/div>\n\t\t\t\t\t<\/div>\n\t\t<\/div>\n\t\t\t\t<div class=\"elementor-column elementor-col-50 elementor-top-column elementor-element elementor-element-1c16e33\" data-id=\"1c16e33\" data-element_type=\"column\" data-e-type=\"column\">\n\t\t\t<div class=\"elementor-widget-wrap\">\n\t\t\t\t\t\t\t<\/div>\n\t\t<\/div>\n\t\t\t\t\t<\/div>\n\t\t<\/section>\n\t\t\t\t<section class=\"elementor-section elementor-top-section elementor-element elementor-element-27d5525 elementor-section-content-middle elementor-section-full_width elementor-section-height-default elementor-section-height-default\" data-id=\"27d5525\" data-element_type=\"section\" data-e-type=\"section\">\n\t\t\t\t\t\t<div class=\"elementor-container elementor-column-gap-default\">\n\t\t\t\t\t<div class=\"elementor-column elementor-col-33 elementor-top-column elementor-element elementor-element-6bd58b3\" data-id=\"6bd58b3\" data-element_type=\"column\" data-e-type=\"column\">\n\t\t\t<div class=\"elementor-widget-wrap elementor-element-populated\">\n\t\t\t\t\t\t<div class=\"elementor-element elementor-element-3ec8483 elementor-widget__width-initial elementor-widget elementor-widget-heading\" data-id=\"3ec8483\" data-element_type=\"widget\" data-e-type=\"widget\" data-widget_type=\"heading.default\">\n\t\t\t\t<div class=\"elementor-widget-container\">\n\t\t\t\t\t<h2 class=\"elementor-heading-title elementor-size-default\">Fale agora com nosso time de especialistas.<\/h2>\t\t\t\t<\/div>\n\t\t\t\t<\/div>\n\t\t\t\t\t<\/div>\n\t\t<\/div>\n\t\t\t\t<div class=\"elementor-column elementor-col-33 elementor-top-column elementor-element elementor-element-df40096\" data-id=\"df40096\" data-element_type=\"column\" data-e-type=\"column\">\n\t\t\t<div class=\"elementor-widget-wrap\">\n\t\t\t\t\t\t\t<\/div>\n\t\t<\/div>\n\t\t\t\t<div class=\"elementor-column elementor-col-33 elementor-top-column elementor-element elementor-element-0ff09ba\" data-id=\"0ff09ba\" data-element_type=\"column\" data-e-type=\"column\" id=\"vendas-form\">\n\t\t\t<div class=\"elementor-widget-wrap elementor-element-populated\">\n\t\t\t\t\t\t<div class=\"elementor-element elementor-element-f3181b8 elementor-widget elementor-widget-html\" data-id=\"f3181b8\" data-element_type=\"widget\" data-e-type=\"widget\" data-widget_type=\"html.default\">\n\t\t\t\t<div class=\"elementor-widget-container\">\n\t\t\t\t\t<div role=\"main\" id=\"ouzzi-site-fale-com-vendas-pt-0407ee5e02c2ec293aac\"><\/div><script type=\"text\/javascript\" src=\"https:\/\/d335luupugsy2.cloudfront.net\/js\/rdstation-forms\/stable\/rdstation-forms.min.js\"><\/script><script type=\"text\/javascript\"> new RDStationForms('ouzzi-site-fale-com-vendas-pt-0407ee5e02c2ec293aac', 'null').createForm();<\/script>\t\t\t\t<\/div>\n\t\t\t\t<\/div>\n\t\t\t\t\t<\/div>\n\t\t<\/div>\n\t\t\t\t\t<\/div>\n\t\t<\/section>\n\t\t\t\t<section class=\"elementor-section elementor-top-section elementor-element elementor-element-de01bd4 elementor-section-content-middle elementor-section-full_width elementor-section-height-default elementor-section-height-default\" data-id=\"de01bd4\" data-element_type=\"section\" data-e-type=\"section\" data-settings=\"{&quot;background_background&quot;:&quot;classic&quot;}\">\n\t\t\t\t\t\t\t<div class=\"elementor-background-overlay\"><\/div>\n\t\t\t\t\t\t\t<div class=\"elementor-container elementor-column-gap-default\">\n\t\t\t\t\t<div class=\"elementor-column elementor-col-33 elementor-top-column elementor-element elementor-element-0e2770e\" data-id=\"0e2770e\" data-element_type=\"column\" data-e-type=\"column\">\n\t\t\t<div class=\"elementor-widget-wrap elementor-element-populated\">\n\t\t\t\t\t\t<div class=\"elementor-element elementor-element-9bdfe39 elementor-widget elementor-widget-heading\" data-id=\"9bdfe39\" data-element_type=\"widget\" data-e-type=\"widget\" data-widget_type=\"heading.default\">\n\t\t\t\t<div class=\"elementor-widget-container\">\n\t\t\t\t\t<h2 class=\"elementor-heading-title elementor-size-default\">Por que escolher a Phoron?<\/h2>\t\t\t\t<\/div>\n\t\t\t\t<\/div>\n\t\t\t\t\t<\/div>\n\t\t<\/div>\n\t\t\t\t<div class=\"elementor-column elementor-col-33 elementor-top-column elementor-element elementor-element-66e9af3\" data-id=\"66e9af3\" data-element_type=\"column\" data-e-type=\"column\">\n\t\t\t<div class=\"elementor-widget-wrap\">\n\t\t\t\t\t\t\t<\/div>\n\t\t<\/div>\n\t\t\t\t<div class=\"elementor-column elementor-col-33 elementor-top-column elementor-element elementor-element-015cff2\" data-id=\"015cff2\" data-element_type=\"column\" data-e-type=\"column\">\n\t\t\t<div class=\"elementor-widget-wrap elementor-element-populated\">\n\t\t\t\t\t\t<div class=\"elementor-element elementor-element-1fbaada elementor-widget__width-initial elementor-widget elementor-widget-text-editor\" data-id=\"1fbaada\" data-element_type=\"widget\" data-e-type=\"widget\" data-widget_type=\"text-editor.default\">\n\t\t\t\t<div class=\"elementor-widget-container\">\n\t\t\t\t\t\t\t\t\t<p>J\u00e1 s\u00e3o mais de 15 anos atuando no pa\u00eds e proporcionando um ambiente mais sustent\u00e1vel e inovador para as empresas. Somos certificados como uma empresa GPTW, com mais de 40 projetos Rollouts, 1000 projetos bem-sucedidos, 250 clientes globais e pioneira na certifica\u00e7\u00e3o da solu\u00e7\u00e3o fiscal para o SAP S\/4HANA. Nossa equipe de especialistas est\u00e1 \u00e0 disposi\u00e7\u00e3o para esclarecer qualquer d\u00favida que voc\u00ea possa ter sobre nossos processos e como podemos auxiliar o seu neg\u00f3cio. N\u00e3o hesite em entrar em contato conosco.&nbsp;<\/p>\n<p>Nossa abordagem \u00e9 baseada na inova\u00e7\u00e3o e colabora\u00e7\u00e3o, proporcionando solu\u00e7\u00f5es personalizadas com transpar\u00eancia e flexibilidade. Estamos comprometidos em inspirar mudan\u00e7as positivas, impactando vidas e construindo juntos um futuro de conquistas para nossos clientes.<\/p>\n<p>Preencha agora o <b>formul\u00e1rio acima<\/b> ou<b> ligue diretamente para o nosso time<\/b>. Vamos encontrar a melhor solu\u00e7\u00e3o para o seu desafio.&nbsp;<\/p>\n<div>&nbsp;<\/div>\t\t\t\t\t\t\t\t<\/div>\n\t\t\t\t<\/div>\n\t\t\t\t\t<\/div>\n\t\t<\/div>\n\t\t\t\t\t<\/div>\n\t\t<\/section>\n\t\t\t\t<\/div>","protected":false},"excerpt":{"rendered":"<p>Se voc\u00ea est\u00e1 buscando otimizar, inovar os processos e aumentar a produtividade da sua empresa, a Phoron \u00e9 a escolha certa! Fale agora com nosso time de especialistas. Por que escolher a Phoron? J\u00e1 s\u00e3o mais de 15 anos atuando no pa\u00eds e proporcionando um ambiente mais sustent\u00e1vel e inovador para as empresas. Somos certificados [&hellip;]<\/p>\n","protected":false},"author":1,"featured_media":0,"parent":0,"menu_order":0,"comment_status":"closed","ping_status":"closed","template":"elementor_header_footer","meta":{"footnotes":""},"class_list":["post-33","page","type-page","status-publish","hentry"],"yoast_head":"<!-- This site is optimized with the Yoast SEO plugin v27.4 - https:\/\/yoast.com\/product\/yoast-seo-wordpress\/ -->\n<title>Fale com vendas - Fa\u00e7a seu projeto com a Phoron do Brasil<\/title>\n<meta name=\"description\" content=\"Fale com nossos especialistas e descubra como otimizar processos e a gest\u00e3o empresarial. Entre em contato e impulsione seus resultados.\" \/>\n<meta name=\"robots\" content=\"index, follow, max-snippet:-1, max-image-preview:large, max-video-preview:-1\" \/>\n<link rel=\"canonical\" href=\"https:\/\/phoron.com.br\/en\/fale-com-vendas\/\" \/>\n<meta property=\"og:locale\" content=\"en_US\" \/>\n<meta property=\"og:type\" content=\"article\" \/>\n<meta property=\"og:title\" content=\"Fale com vendas - Fa\u00e7a seu projeto com a Phoron do Brasil\" \/>\n<meta property=\"og:description\" content=\"Fale com nossos especialistas e descubra como otimizar processos e a gest\u00e3o empresarial. Entre em contato e impulsione seus resultados.\" \/>\n<meta property=\"og:url\" content=\"https:\/\/phoron.com.br\/en\/fale-com-vendas\/\" \/>\n<meta property=\"og:site_name\" content=\"Phoron\" \/>\n<meta property=\"article:modified_time\" content=\"2025-11-06T13:13:24+00:00\" \/>\n<meta name=\"twitter:card\" content=\"summary_large_image\" \/>\n<meta name=\"twitter:label1\" content=\"Est. reading time\" \/>\n\t<meta name=\"twitter:data1\" content=\"1 minute\" \/>\n<script type=\"application\/ld+json\" class=\"yoast-schema-graph\">{\"@context\":\"https:\\\/\\\/schema.org\",\"@graph\":[{\"@type\":\"WebPage\",\"@id\":\"https:\\\/\\\/phoron.com.br\\\/fale-com-vendas\\\/\",\"url\":\"https:\\\/\\\/phoron.com.br\\\/fale-com-vendas\\\/\",\"name\":\"Fale com vendas - Fa\u00e7a seu projeto com a Phoron do Brasil\",\"isPartOf\":{\"@id\":\"https:\\\/\\\/phoron.com.br\\\/#website\"},\"datePublished\":\"2024-08-23T14:06:04+00:00\",\"dateModified\":\"2025-11-06T13:13:24+00:00\",\"description\":\"Fale com nossos especialistas e descubra como otimizar processos e a gest\u00e3o empresarial. Entre em contato e impulsione seus resultados.\",\"breadcrumb\":{\"@id\":\"https:\\\/\\\/phoron.com.br\\\/fale-com-vendas\\\/#breadcrumb\"},\"inLanguage\":\"en-US\",\"potentialAction\":[{\"@type\":\"ReadAction\",\"target\":[\"https:\\\/\\\/phoron.com.br\\\/fale-com-vendas\\\/\"]}]},{\"@type\":\"BreadcrumbList\",\"@id\":\"https:\\\/\\\/phoron.com.br\\\/fale-com-vendas\\\/#breadcrumb\",\"itemListElement\":[{\"@type\":\"ListItem\",\"position\":1,\"name\":\"In\u00edcio\",\"item\":\"https:\\\/\\\/phoron.com.br\\\/\"},{\"@type\":\"ListItem\",\"position\":2,\"name\":\"Fale com vendas\"}]},{\"@type\":\"WebSite\",\"@id\":\"https:\\\/\\\/phoron.com.br\\\/#website\",\"url\":\"https:\\\/\\\/phoron.com.br\\\/\",\"name\":\"Phoron do Brasil\",\"description\":\"\",\"publisher\":{\"@id\":\"https:\\\/\\\/phoron.com.br\\\/#organization\"},\"potentialAction\":[{\"@type\":\"SearchAction\",\"target\":{\"@type\":\"EntryPoint\",\"urlTemplate\":\"https:\\\/\\\/phoron.com.br\\\/?s={search_term_string}\"},\"query-input\":{\"@type\":\"PropertyValueSpecification\",\"valueRequired\":true,\"valueName\":\"search_term_string\"}}],\"inLanguage\":\"en-US\"},{\"@type\":\"Organization\",\"@id\":\"https:\\\/\\\/phoron.com.br\\\/#organization\",\"name\":\"Phoron do Brasil\",\"url\":\"https:\\\/\\\/phoron.com.br\\\/\",\"logo\":{\"@type\":\"ImageObject\",\"inLanguage\":\"en-US\",\"@id\":\"https:\\\/\\\/phoron.com.br\\\/#\\\/schema\\\/logo\\\/image\\\/\",\"url\":\"https:\\\/\\\/phoron.com.br\\\/wp-content\\\/uploads\\\/2024\\\/08\\\/Ativo-1edoc.png\",\"contentUrl\":\"https:\\\/\\\/phoron.com.br\\\/wp-content\\\/uploads\\\/2024\\\/08\\\/Ativo-1edoc.png\",\"width\":1775,\"height\":498,\"caption\":\"Phoron do Brasil\"},\"image\":{\"@id\":\"https:\\\/\\\/phoron.com.br\\\/#\\\/schema\\\/logo\\\/image\\\/\"}}]}<\/script>\n<!-- \/ Yoast SEO plugin. -->","yoast_head_json":{"title":"Fale com vendas - Fa\u00e7a seu projeto com a Phoron do Brasil","description":"Fale com nossos especialistas e descubra como otimizar processos e a gest\u00e3o empresarial. Entre em contato e impulsione seus resultados.","robots":{"index":"index","follow":"follow","max-snippet":"max-snippet:-1","max-image-preview":"max-image-preview:large","max-video-preview":"max-video-preview:-1"},"canonical":"https:\/\/phoron.com.br\/en\/fale-com-vendas\/","og_locale":"en_US","og_type":"article","og_title":"Fale com vendas - Fa\u00e7a seu projeto com a Phoron do Brasil","og_description":"Fale com nossos especialistas e descubra como otimizar processos e a gest\u00e3o empresarial. Entre em contato e impulsione seus resultados.","og_url":"https:\/\/phoron.com.br\/en\/fale-com-vendas\/","og_site_name":"Phoron","article_modified_time":"2025-11-06T13:13:24+00:00","twitter_card":"summary_large_image","twitter_misc":{"Est. reading time":"1 minute"},"schema":{"@context":"https:\/\/schema.org","@graph":[{"@type":"WebPage","@id":"https:\/\/phoron.com.br\/fale-com-vendas\/","url":"https:\/\/phoron.com.br\/fale-com-vendas\/","name":"Fale com vendas - Fa\u00e7a seu projeto com a Phoron do Brasil","isPartOf":{"@id":"https:\/\/phoron.com.br\/#website"},"datePublished":"2024-08-23T14:06:04+00:00","dateModified":"2025-11-06T13:13:24+00:00","description":"Fale com nossos especialistas e descubra como otimizar processos e a gest\u00e3o empresarial. Entre em contato e impulsione seus resultados.","breadcrumb":{"@id":"https:\/\/phoron.com.br\/fale-com-vendas\/#breadcrumb"},"inLanguage":"en-US","potentialAction":[{"@type":"ReadAction","target":["https:\/\/phoron.com.br\/fale-com-vendas\/"]}]},{"@type":"BreadcrumbList","@id":"https:\/\/phoron.com.br\/fale-com-vendas\/#breadcrumb","itemListElement":[{"@type":"ListItem","position":1,"name":"In\u00edcio","item":"https:\/\/phoron.com.br\/"},{"@type":"ListItem","position":2,"name":"Fale com vendas"}]},{"@type":"WebSite","@id":"https:\/\/phoron.com.br\/#website","url":"https:\/\/phoron.com.br\/","name":"Phoron do Brasil","description":"","publisher":{"@id":"https:\/\/phoron.com.br\/#organization"},"potentialAction":[{"@type":"SearchAction","target":{"@type":"EntryPoint","urlTemplate":"https:\/\/phoron.com.br\/?s={search_term_string}"},"query-input":{"@type":"PropertyValueSpecification","valueRequired":true,"valueName":"search_term_string"}}],"inLanguage":"en-US"},{"@type":"Organization","@id":"https:\/\/phoron.com.br\/#organization","name":"Phoron do Brasil","url":"https:\/\/phoron.com.br\/","logo":{"@type":"ImageObject","inLanguage":"en-US","@id":"https:\/\/phoron.com.br\/#\/schema\/logo\/image\/","url":"https:\/\/phoron.com.br\/wp-content\/uploads\/2024\/08\/Ativo-1edoc.png","contentUrl":"https:\/\/phoron.com.br\/wp-content\/uploads\/2024\/08\/Ativo-1edoc.png","width":1775,"height":498,"caption":"Phoron do Brasil"},"image":{"@id":"https:\/\/phoron.com.br\/#\/schema\/logo\/image\/"}}]}},"_links":{"self":[{"href":"https:\/\/phoron.com.br\/en\/wp-json\/wp\/v2\/pages\/33","targetHints":{"allow":["GET"]}}],"collection":[{"href":"https:\/\/phoron.com.br\/en\/wp-json\/wp\/v2\/pages"}],"about":[{"href":"https:\/\/phoron.com.br\/en\/wp-json\/wp\/v2\/types\/page"}],"author":[{"embeddable":true,"href":"https:\/\/phoron.com.br\/en\/wp-json\/wp\/v2\/users\/1"}],"replies":[{"embeddable":true,"href":"https:\/\/phoron.com.br\/en\/wp-json\/wp\/v2\/comments?post=33"}],"version-history":[{"count":121,"href":"https:\/\/phoron.com.br\/en\/wp-json\/wp\/v2\/pages\/33\/revisions"}],"predecessor-version":[{"id":2740,"href":"https:\/\/phoron.com.br\/en\/wp-json\/wp\/v2\/pages\/33\/revisions\/2740"}],"wp:attachment":[{"href":"https:\/\/phoron.com.br\/en\/wp-json\/wp\/v2\/media?parent=33"}],"curies":[{"name":"wp","href":"https:\/\/api.w.org\/{rel}","templated":true}]}}